{"id":20702,"date":"2023-02-08T08:24:15","date_gmt":"2023-02-08T07:24:15","guid":{"rendered":"https:\/\/huebsch.styleinc.eu\/?page_id=20702"},"modified":"2024-09-25T12:00:08","modified_gmt":"2024-09-25T10:00:08","slug":"serviceydelser","status":"publish","type":"page","link":"https:\/\/huebschdev.styleinc.eu\/da\/serviceydelser\/","title":{"rendered":"Serviceydelser"},"content":{"rendered":"<p>[et_pb_section fb_built=&#8221;1&#8243; _builder_version=&#8221;4.19.5&#8243; _module_preset=&#8221;default&#8221; height=&#8221;100vh&#8221; height_tablet=&#8221;auto&#8221; height_phone=&#8221;auto&#8221; height_last_edited=&#8221;on|phone&#8221; custom_margin=&#8221;||||false|false&#8221; custom_padding=&#8221;0px||0px||false|false&#8221; global_colors_info=&#8221;{}&#8221;][et_pb_row column_structure=&#8221;1_2,1_2&#8243; use_custom_gutter=&#8221;on&#8221; gutter_width=&#8221;1&#8243; custom_padding_last_edited=&#8221;on|tablet&#8221; module_class=&#8221;wrap-row&#8221; _builder_version=&#8221;4.19.5&#8243; _module_preset=&#8221;default&#8221; width=&#8221;100%&#8221; max_width=&#8221;100%&#8221; height=&#8221;100%&#8221; custom_padding=&#8221;72px|72px|72px|72px|true|true&#8221; custom_padding_tablet=&#8221;50px|50px|50px|50px|false|true&#8221; custom_padding_phone=&#8221;46px|18px|18px|18px|false|true&#8221; global_colors_info=&#8221;{}&#8221;][et_pb_column type=&#8221;1_2&#8243; module_class=&#8221;joblisting-left leistungen-left jobleft-scroll&#8221; _builder_version=&#8221;4.19.5&#8243; _module_preset=&#8221;default&#8221; background_enable_color=&#8221;off&#8221; custom_padding=&#8221;80px|70px||50px|false|false&#8221; custom_padding_tablet=&#8221;80px|30px|60px|30px|false|true&#8221; custom_padding_phone=&#8221;60px|20px|0px|20px|false|true&#8221; custom_padding_last_edited=&#8221;on|desktop&#8221; global_colors_info=&#8221;{%22gcid-3283d475-d007-438a-9cb2-3bd444bd7be7%22:%91%22background_color%22%93}&#8221;][et_pb_text admin_label=&#8221;Leistungen&#8221; module_class=&#8221;home-service-desc&#8221; _builder_version=&#8221;4.27.0&#8243; _module_preset=&#8221;default&#8221; text_font=&#8221;Source Sans Pro||||||||&#8221; text_text_color=&#8221;gcid-487b224b-bf1d-4a2d-895d-d0f9aa653370&#8243; text_font_size=&#8221;17px&#8221; text_line_height=&#8221;26px&#8221; header_font=&#8221;Teko||||||||&#8221; header_text_color=&#8221;#000000&#8243; header_font_size=&#8221;62px&#8221; header_line_height=&#8221;62px&#8221; header_2_font=&#8221;Teko||||||||&#8221; header_2_text_align=&#8221;left&#8221; header_2_text_color=&#8221;#000000&#8243; header_2_font_size=&#8221;62px&#8221; header_2_line_height=&#8221;62px&#8221; header_3_text_color=&#8221;gcid-7ef7920c-8ec1-4941-8e69-2f45413d6047&#8243; header_3_font_size=&#8221;32px&#8221; header_3_line_height=&#8221;36px&#8221; height_tablet=&#8221;100%&#8221; height_phone=&#8221;100%&#8221; height_last_edited=&#8221;on|tablet&#8221; custom_margin=&#8221;|10px|30px||false|false&#8221; custom_margin_tablet=&#8221;|0px|30px||false|false&#8221; custom_margin_phone=&#8221;|0px|30px||false|false&#8221; custom_margin_last_edited=&#8221;on|tablet&#8221; custom_padding=&#8221;||||false|false&#8221; custom_padding_tablet=&#8221;|0px||0px|false|true&#8221; custom_padding_phone=&#8221;|0px||0px|false|true&#8221; custom_padding_last_edited=&#8221;on|desktop&#8221; text_font_size_tablet=&#8221;16px&#8221; text_font_size_phone=&#8221;15px&#8221; text_font_size_last_edited=&#8221;on|tablet&#8221; text_line_height_tablet=&#8221;25px&#8221; text_line_height_phone=&#8221;24px&#8221; text_line_height_last_edited=&#8221;on|tablet&#8221; header_font_size_tablet=&#8221;52px&#8221; header_font_size_phone=&#8221;36px&#8221; header_font_size_last_edited=&#8221;on|phone&#8221; header_line_height_tablet=&#8221;52px&#8221; header_line_height_phone=&#8221;38px&#8221; header_line_height_last_edited=&#8221;on|tablet&#8221; header_2_font_size_tablet=&#8221;52px&#8221; header_2_font_size_phone=&#8221;42px&#8221; header_2_font_size_last_edited=&#8221;on|tablet&#8221; header_2_line_height_tablet=&#8221;56px&#8221; header_2_line_height_phone=&#8221;46px&#8221; header_2_line_height_last_edited=&#8221;on|tablet&#8221; header_3_font_size_tablet=&#8221;28px&#8221; header_3_font_size_phone=&#8221;26px&#8221; header_3_font_size_last_edited=&#8221;on|tablet&#8221; header_3_line_height_tablet=&#8221;34px&#8221; header_3_line_height_phone=&#8221;32px&#8221; header_3_line_height_last_edited=&#8221;on|tablet&#8221; global_colors_info=&#8221;{%22gcid-487b224b-bf1d-4a2d-895d-d0f9aa653370%22:%91%22text_text_color%22,%22text_text_color%22%93,%22gcid-7ef7920c-8ec1-4941-8e69-2f45413d6047%22:%91%22header_3_text_color%22%93}&#8221;]<\/p>\n<h1>Et overblik<\/h1>\n<p>  Vil du gerne have en ny have eller et nydesignet gr\u00f8nt omr\u00e5de? Vi realiserer dine ideer og designer din dr\u00f8mmehave med stor kreativitet og erfaring. Vi l\u00e6gger stor v\u00e6gt p\u00e5 en harmonisk kombination af planter, buske og tr\u00e6er samt valg af materialer af h\u00f8j kvalitet til stier, terrasser og mure. Vandelementer er et s\u00e6rligt h\u00f8jdepunkt i enhver have: Vi anl\u00e6gger gerne damme, vandl\u00f8b og springvand og s\u00f8rger for, at du kan nyde de beroligende krusninger og den visuelle forbedring uden stress. Uanset om det drejer sig om planl\u00e6gning, nybyggeri, vedligeholdelse eller tr\u00e6pleje &#8211; vi er din kompetente partner i alle sp\u00f8rgsm\u00e5l vedr\u00f8rende dine udend\u00f8rs faciliteter. Kontakt os, og lad os inspirere dig med vores passion for haver og gr\u00f8nne omr\u00e5der![\/et_pb_text][et_pb_image src=&#8221;https:\/\/huebschdev.styleinc.eu\/wp-content\/uploads\/2023\/02\/performances-img-1.jpg&#8221; alt=&#8221;En kvinde laver en tegning ved et bord med tegneblok og blyanter.&#8221; title_text=&#8221;forestillinger-img-1&#8243; _builder_version=&#8221;4.27.0&#8243; _module_preset=&#8221;default&#8221; custom_margin=&#8221;|10px|||false|false&#8221; global_colors_info=&#8221;{}&#8221;][\/et_pb_image][et_pb_image src=&#8221;https:\/\/huebschdev.styleinc.eu\/wp-content\/uploads\/2023\/02\/performances-img-2-1.jpg&#8221; alt=&#8221;En mand arbejder p\u00e5 at anl\u00e6gge en have.&#8221; title_text=&#8221;forestillinger-img-2&#8243; _builder_version=&#8221;4.27.0&#8243; _module_preset=&#8221;default&#8221; custom_margin=&#8221;|10px|||false|false&#8221; global_colors_info=&#8221;{}&#8221;][\/et_pb_image][\/et_pb_column][et_pb_column type=&#8221;1_2&#8243; module_class=&#8221;joblisting-right leistungen-right&#8221; _builder_version=&#8221;4.19.5&#8243; _module_preset=&#8221;default&#8221; background_color=&#8221;gcid-3283d475-d007-438a-9cb2-3bd444bd7be7&#8243; custom_padding=&#8221;55px|70px|80px|80px|false|false&#8221; custom_padding_tablet=&#8221;40px|30px|40px|30px|true|true&#8221; custom_padding_phone=&#8221;40px|20px|40px|20px|true|true&#8221; custom_padding_last_edited=&#8221;on|phone&#8221; global_colors_info=&#8221;{%22gcid-3283d475-d007-438a-9cb2-3bd444bd7be7%22:%91%22background_color%22%93}&#8221;][et_pb_text admin_label=&#8221;Auf einen Blick&#8221; module_class=&#8221;home-service-desc service-inner-right white-listing&#8221; _builder_version=&#8221;4.27.0&#8243; _module_preset=&#8221;default&#8221; text_text_color=&#8221;gcid-37db86bd-6c48-45d6-8878-60b23f6122b5&#8243; text_font_size=&#8221;17px&#8221; text_line_height=&#8221;26px&#8221; header_3_font=&#8221;||||||||&#8221; header_3_text_color=&#8221;gcid-37db86bd-6c48-45d6-8878-60b23f6122b5&#8243; header_3_font_size=&#8221;48px&#8221; header_3_line_height=&#8221;52px&#8221; hover_enabled=&#8221;0&#8243; text_font_size_tablet=&#8221;16px&#8221; text_font_size_phone=&#8221;15px&#8221; text_font_size_last_edited=&#8221;on|tablet&#8221; text_line_height_tablet=&#8221;25px&#8221; text_line_height_phone=&#8221;24px&#8221; text_line_height_last_edited=&#8221;on|tablet&#8221; ul_line_height_tablet=&#8221;&#8221; ul_line_height_phone=&#8221;24px&#8221; ul_line_height_last_edited=&#8221;on|phone&#8221; header_3_font_size_tablet=&#8221;42px&#8221; header_3_font_size_phone=&#8221;36px&#8221; header_3_font_size_last_edited=&#8221;on|tablet&#8221; header_3_line_height_tablet=&#8221;46px&#8221; header_3_line_height_phone=&#8221;40px&#8221; header_3_line_height_last_edited=&#8221;on|tablet&#8221; global_colors_info=&#8221;{%22gcid-37db86bd-6c48-45d6-8878-60b23f6122b5%22:%91%22header_3_text_color%22,%22text_text_color%22%93}&#8221; sticky_enabled=&#8221;0&#8243;]<\/p>\n<h3>Uddrag af vores tjenester<\/h3>\n<ul>\n<li>R\u00e5d om havearbejde<\/li>\n<li>Vedligeholdelsesbesk\u00e6ring og foryngelsesbesk\u00e6ring af tr\u00e6er og buske<\/li>\n<li>Intensive og ekstensive gr\u00f8nne tage<\/li>\n<li>S\u00e5ning af gr\u00e6spl\u00e6ne og gr\u00e6s<\/li>\n<li>Sten- og brol\u00e6gningsarbejde<\/li>\n<li>\u00d8kologiske sv\u00f8mmedamme<\/li>\n<li>Lysinstallationer til haven<\/li>\n<li>Hegnssystemer af tr\u00e6 og metal<\/li>\n<li>Automatisk havevanding<\/li>\n<li>Vedligeholdelse af have og ejendom<\/li>\n<li><a href=\"https:\/\/huebschdev.styleinc.eu\/da\/vintertjeneste-flensborg-og-omegn\/\">Vintertjeneste<\/a><\/li>\n<\/ul>\n<p>[\/et_pb_text][\/et_pb_column][\/et_pb_row][\/et_pb_section]<\/p>\n","protected":false},"excerpt":{"rendered":"<p>Et overblik Vil du gerne have en ny have eller et nydesignet gr\u00f8nt omr\u00e5de? Vi realiserer dine ideer og designer din dr\u00f8mmehave med stor kreativitet og erfaring. Vi l\u00e6gger stor v\u00e6gt p\u00e5 en harmonisk kombination af planter, buske og tr\u00e6er samt valg af materialer af h\u00f8j kvalitet til stier, terrasser og mure. Vandelementer er et [&hellip;]<\/p>\n","protected":false},"author":2,"featured_media":0,"parent":0,"menu_order":0,"comment_status":"closed","ping_status":"closed","template":"","meta":{"_acf_changed":false,"_et_pb_use_builder":"on","_et_pb_old_content":"","_et_gb_content_width":"","inline_featured_image":false,"footnotes":""},"class_list":["post-20702","page","type-page","status-publish","hentry"],"acf":[],"_links":{"self":[{"href":"https:\/\/huebschdev.styleinc.eu\/da\/wp-json\/wp\/v2\/pages\/20702","targetHints":{"allow":["GET"]}}],"collection":[{"href":"https:\/\/huebschdev.styleinc.eu\/da\/wp-json\/wp\/v2\/pages"}],"about":[{"href":"https:\/\/huebschdev.styleinc.eu\/da\/wp-json\/wp\/v2\/types\/page"}],"author":[{"embeddable":true,"href":"https:\/\/huebschdev.styleinc.eu\/da\/wp-json\/wp\/v2\/users\/2"}],"replies":[{"embeddable":true,"href":"https:\/\/huebschdev.styleinc.eu\/da\/wp-json\/wp\/v2\/comments?post=20702"}],"version-history":[{"count":17,"href":"https:\/\/huebschdev.styleinc.eu\/da\/wp-json\/wp\/v2\/pages\/20702\/revisions"}],"predecessor-version":[{"id":22939,"href":"https:\/\/huebschdev.styleinc.eu\/da\/wp-json\/wp\/v2\/pages\/20702\/revisions\/22939"}],"wp:attachment":[{"href":"https:\/\/huebschdev.styleinc.eu\/da\/wp-json\/wp\/v2\/media?parent=20702"}],"curies":[{"name":"wp","href":"https:\/\/api.w.org\/{rel}","templated":true}]}}